{"id":274,"date":"2026-01-20T06:26:58","date_gmt":"2026-01-20T06:26:58","guid":{"rendered":"https:\/\/turbulenceyburritaburrona.com\/tienda\/?page_id=274"},"modified":"2026-01-22T01:03:09","modified_gmt":"2026-01-22T01:03:09","slug":"carrito","status":"publish","type":"page","link":"https:\/\/turbulenceyburritaburrona.com\/tienda\/carrito\/","title":{"rendered":"CARRITO"},"content":{"rendered":"\t\t<div data-elementor-type=\"wp-page\" data-elementor-id=\"274\" class=\"elementor elementor-274\" data-elementor-post-type=\"page\">\n\t\t\t\t\t\t<section class=\"elementor-section elementor-top-section elementor-element elementor-element-99ac9c2 elementor-section-height-min-height elementor-section-full_width elementor-section-height-default elementor-section-items-middle\" data-id=\"99ac9c2\" data-element_type=\"section\" data-e-type=\"section\" data-settings=\"{&quot;background_background&quot;:&quot;classic&quot;,&quot;ekit_has_onepagescroll_dot&quot;:&quot;yes&quot;}\">\n\t\t\t\t\t\t<div class=\"elementor-container elementor-column-gap-default\">\n\t\t\t\t\t<div class=\"elementor-column elementor-col-50 elementor-top-column elementor-element elementor-element-dfecb9e elementor-invisible\" data-id=\"dfecb9e\" data-element_type=\"column\" data-e-type=\"column\" data-settings=\"{&quot;background_background&quot;:&quot;classic&quot;,&quot;animation&quot;:&quot;bounceIn&quot;}\">\n\t\t\t<div class=\"elementor-widget-wrap elementor-element-populated\">\n\t\t\t\t\t\t<div class=\"elementor-element elementor-element-bb78d7f elementor-widget elementor-widget-spacer\" data-id=\"bb78d7f\" data-element_type=\"widget\" data-e-type=\"widget\" data-settings=\"{&quot;ekit_we_effect_on&quot;:&quot;none&quot;}\" data-widget_type=\"spacer.default\">\n\t\t\t\t<div class=\"elementor-widget-container\">\n\t\t\t\t\t\t\t<div class=\"elementor-spacer\">\n\t\t\t<div class=\"elementor-spacer-inner\"><\/div>\n\t\t<\/div>\n\t\t\t\t\t\t<\/div>\n\t\t\t\t<\/div>\n\t\t\t\t\t<\/div>\n\t\t<\/div>\n\t\t\t\t<div class=\"elementor-column elementor-col-50 elementor-top-column elementor-element elementor-element-ec5e3b1\" data-id=\"ec5e3b1\" data-element_type=\"column\" data-e-type=\"column\" data-settings=\"{&quot;background_background&quot;:&quot;classic&quot;}\">\n\t\t\t<div class=\"elementor-widget-wrap\">\n\t\t\t\t\t\t\t<\/div>\n\t\t<\/div>\n\t\t\t\t\t<\/div>\n\t\t<\/section>\n\t\t\t\t<section class=\"elementor-section elementor-top-section elementor-element elementor-element-34ff440 elementor-section-boxed elementor-section-height-default elementor-section-height-default\" data-id=\"34ff440\" data-element_type=\"section\" data-e-type=\"section\" data-settings=\"{&quot;ekit_has_onepagescroll_dot&quot;:&quot;yes&quot;}\">\n\t\t\t\t\t\t<div class=\"elementor-container elementor-column-gap-default\">\n\t\t\t\t\t<div class=\"elementor-column elementor-col-100 elementor-top-column elementor-element elementor-element-d3bfeb0\" data-id=\"d3bfeb0\" data-element_type=\"column\" data-e-type=\"column\">\n\t\t\t<div class=\"elementor-widget-wrap elementor-element-populated\">\n\t\t\t\t\t\t\t<\/div>\n\t\t<\/div>\n\t\t\t\t\t<\/div>\n\t\t<\/section>\n\t\t\t\t<\/div>\n\t\t","protected":false},"excerpt":{"rendered":"<p>Eliminar art\u00edculo Imagen en miniatura Producto Precio Cantidad Subtotal &times; Chafubu Pack &#36;2,500.00 Chafubu Pack cantidad &#36;5,000.00 Actualizar Carrito Aplicar Cupon Total de Carrito Subtotal &#36;5,000.00 Env\u00edo Fedex (3-10 d\u00edas): &#36;200.00 Enviar a Andador Virgo 15, Monterrey, Nuevo Le\u00f3n, 64000. Total &#36;5,200.00 Checkout<\/p>\n","protected":false},"author":1,"featured_media":0,"parent":0,"menu_order":0,"comment_status":"closed","ping_status":"closed","template":"elementor_header_footer","meta":{"footnotes":""},"class_list":["post-274","page","type-page","status-publish","hentry"],"_links":{"self":[{"href":"https:\/\/turbulenceyburritaburrona.com\/tienda\/wp-json\/wp\/v2\/pages\/274","targetHints":{"allow":["GET"]}}],"collection":[{"href":"https:\/\/turbulenceyburritaburrona.com\/tienda\/wp-json\/wp\/v2\/pages"}],"about":[{"href":"https:\/\/turbulenceyburritaburrona.com\/tienda\/wp-json\/wp\/v2\/types\/page"}],"author":[{"embeddable":true,"href":"https:\/\/turbulenceyburritaburrona.com\/tienda\/wp-json\/wp\/v2\/users\/1"}],"replies":[{"embeddable":true,"href":"https:\/\/turbulenceyburritaburrona.com\/tienda\/wp-json\/wp\/v2\/comments?post=274"}],"version-history":[{"count":6,"href":"https:\/\/turbulenceyburritaburrona.com\/tienda\/wp-json\/wp\/v2\/pages\/274\/revisions"}],"predecessor-version":[{"id":312,"href":"https:\/\/turbulenceyburritaburrona.com\/tienda\/wp-json\/wp\/v2\/pages\/274\/revisions\/312"}],"wp:attachment":[{"href":"https:\/\/turbulenceyburritaburrona.com\/tienda\/wp-json\/wp\/v2\/media?parent=274"}],"curies":[{"name":"wp","href":"https:\/\/api.w.org\/{rel}","templated":true}]}}